{"id":18,"date":"2023-11-23T05:08:16","date_gmt":"2023-11-23T06:08:16","guid":{"rendered":"https:\/\/comiteassange.fr\/?page_id=18"},"modified":"2023-11-23T05:08:16","modified_gmt":"2023-11-23T06:08:16","slug":"qui-sommes-nous","status":"publish","type":"page","link":"https:\/\/comiteassange.fr\/index.php\/qui-sommes-nous\/","title":{"rendered":"Qui sommes-nous ?"},"content":{"rendered":"\n<p>Le Comit\u00e9 de soutien Assange est un collectif form\u00e9 en juillet 2022 qui a pour vocation d\u2019informer et de mobiliser sur l\u2019affaire Assange en France. Avec la F\u00e9d\u00e9ration internationale des journalistes (FIJ), il est \u00e0 l\u2019origine de \u00ab <a href=\"https:\/\/comiteassange.fr\/appel-de-paris\/\" target=\"_blank\" rel=\"noreferrer noopener\">L\u2019Appel de Paris pour Julian Assange<\/a> \u00bb, un texte sign\u00e9 par une soixantaine d\u2019organisations et m\u00e9dias qui demandait la lib\u00e9ration imm\u00e9diate du fondateur de WikiLeaks et l\u2019obtention de l\u2019asile politique en France.<\/p>\n\n\n\n<p>En organisant des \u00e9v\u00e9nements publics, des actions militantes, en participant \u00e0 des conf\u00e9rences et des projections-d\u00e9bats, ainsi qu\u2019en tissant des liens avec le monde m\u00e9diatique, politique et associatif, le Comit\u00e9 de soutien Assange a travaill\u00e9 \u00e0 la constitution d\u2019un vaste mouvement de solidarit\u00e9 autour du journaliste australien.<\/p>\n\n\n\n<p>Retrouvez-nous sur <a href=\"https:\/\/twitter.com\/ComiteAssange\" target=\"_blank\" rel=\"noreferrer noopener\">X\/Twitter<\/a> pour un suivi au quotidien de l<strong>\u2019<\/strong>affaire Assange sous tous ses aspects et sur <a href=\"https:\/\/www.youtube.com\/@comiteassange\" target=\"_blank\" rel=\"noreferrer noopener\">YouTube<\/a> pour nos productions vid\u00e9o (interviews, conf\u00e9rences, critique des m\u00e9dias, etc.).<\/p>\n\n\n\n<p>Pour nous contacter : comitesoutienassange @ protonmail.com [supprimer les deux espaces].<\/p>\n\n\n\n<p>Vous trouverez ci-dessous le tract que nous utilisions pour informer sur la pers\u00e9cution de Julian Assange.<\/p>\n\n\n\n<div data-wp-interactive=\"core\/file\" class=\"wp-block-file\"><object data-wp-bind--hidden=\"!state.hasPdfPreview\" hidden class=\"wp-block-file__embed\" data=\"https:\/\/comiteassange.fr\/wp-content\/uploads\/2024\/06\/Tract-CSA-1.pdf\" type=\"application\/pdf\" style=\"width:100%;height:600px\" aria-label=\"Embed of Tract-CSA-1.\"><\/object><a id=\"wp-block-file--media-a1471685-2472-476b-846f-29318550b2d4\" href=\"https:\/\/comiteassange.fr\/wp-content\/uploads\/2024\/06\/Tract-CSA-1.pdf\">Tract-CSA-1<\/a><a href=\"https:\/\/comiteassange.fr\/wp-content\/uploads\/2024\/06\/Tract-CSA-1.pdf\" class=\"wp-block-file__button wp-element-button\" download aria-describedby=\"wp-block-file--media-a1471685-2472-476b-846f-29318550b2d4\">T\u00e9l\u00e9charger<\/a><\/div>\n","protected":false},"excerpt":{"rendered":"<p>Le Comit\u00e9 de soutien Assange est un collectif form\u00e9 en juillet 2022 qui a pour vocation d\u2019informer et de mobiliser sur l\u2019affaire Assange en France. Avec la F\u00e9d\u00e9ration internationale des [&hellip;]<\/p>\n","protected":false},"author":5,"featured_media":0,"parent":0,"menu_order":0,"comment_status":"closed","ping_status":"closed","template":"","meta":{"_EventAllDay":false,"_EventTimezone":"","_EventStartDate":"","_EventEndDate":"","_EventStartDateUTC":"","_EventEndDateUTC":"","_EventShowMap":false,"_EventShowMapLink":false,"_EventURL":"","_EventCost":"","_EventCostDescription":"","_EventCurrencySymbol":"","_EventCurrencyCode":"","_EventCurrencyPosition":"","_EventDateTimeSeparator":"","_EventTimeRangeSeparator":"","_EventOrganizerID":[],"_EventVenueID":[],"_OrganizerEmail":"","_OrganizerPhone":"","_OrganizerWebsite":"","_VenueAddress":"","_VenueCity":"","_VenueCountry":"","_VenueProvince":"","_VenueState":"","_VenueZip":"","_VenuePhone":"","_VenueURL":"","_VenueStateProvince":"","_VenueLat":"","_VenueLng":"","_VenueShowMap":false,"_VenueShowMapLink":false,"footnotes":""},"class_list":["post-18","page","type-page","status-publish","hentry"],"_links":{"self":[{"href":"https:\/\/comiteassange.fr\/index.php\/wp-json\/wp\/v2\/pages\/18","targetHints":{"allow":["GET"]}}],"collection":[{"href":"https:\/\/comiteassange.fr\/index.php\/wp-json\/wp\/v2\/pages"}],"about":[{"href":"https:\/\/comiteassange.fr\/index.php\/wp-json\/wp\/v2\/types\/page"}],"author":[{"embeddable":true,"href":"https:\/\/comiteassange.fr\/index.php\/wp-json\/wp\/v2\/users\/5"}],"replies":[{"embeddable":true,"href":"https:\/\/comiteassange.fr\/index.php\/wp-json\/wp\/v2\/comments?post=18"}],"version-history":[{"count":0,"href":"https:\/\/comiteassange.fr\/index.php\/wp-json\/wp\/v2\/pages\/18\/revisions"}],"wp:attachment":[{"href":"https:\/\/comiteassange.fr\/index.php\/wp-json\/wp\/v2\/media?parent=18"}],"curies":[{"name":"wp","href":"https:\/\/api.w.org\/{rel}","templated":true}]}}