{"id":180,"date":"2024-04-04T18:54:33","date_gmt":"2024-04-04T16:54:33","guid":{"rendered":"https:\/\/comiteassange.fr\/?page_id=180"},"modified":"2024-04-04T18:54:33","modified_gmt":"2024-04-04T16:54:33","slug":"actualites-et-communiques","status":"publish","type":"page","link":"https:\/\/comiteassange.fr\/index.php\/actualites-et-communiques\/","title":{"rendered":"Actualit\u00e9s &amp; communiqu\u00e9s"},"content":{"rendered":"\n<p><\/p>\n\n\n\n<p>5 juin 2025 \/ <a href=\"https:\/\/comiteassange.fr\/assange-a-cannes-gaza-le-cinema-et-lafp\/\">Assange \u00e0 Cannes : Gaza, le cin\u00e9ma et l\u2019AFP<\/a><\/p>\n\n\n\n<p>2 octobre 2024 \/ <a href=\"https:\/\/comiteassange.fr\/julian-assange-parle-le-conseil-de-leurope-ecoute-et-approuve\/\">Julian Assange parle, le Conseil de l\u2019Europe \u00e9coute et approuve<\/a><\/p>\n\n\n\n<p>3 juillet 2024 \/ <a href=\"https:\/\/comiteassange.fr\/assange-libre-depuis-une-semaine-dernieres-informations\/\" data-type=\"link\" data-id=\"https:\/\/comiteassange.fr\/assange-libre-depuis-une-semaine-dernieres-informations\/\">Assange libre depuis une semaine : derni\u00e8res informations<\/a><\/p>\n\n\n\n<p>25 juin 2024 \/ <a href=\"https:\/\/comiteassange.fr\/assange-est-libre\/\">Assange est libre !<\/a><\/p>\n\n\n\n<p>6 juin 2024 \/ <a href=\"https:\/\/comiteassange.fr\/les-reponses-a-notre-questionnaire-assange-adresse-aux-38-listes-candidates-aux-elections-europeennes-en-france\/\">Les r\u00e9ponses \u00e0 notre questionnaire Assange adress\u00e9 aux 38 listes candidates aux \u00e9lections europ\u00e9ennes en France<\/a><\/p>\n\n\n\n<p>20 mai 2024 \/ <a href=\"https:\/\/comiteassange.fr\/journee-de-mobilisation-pour-julian-assange-le-mardi-21-mai-en-france\/\" data-type=\"link\" data-id=\"https:\/\/comiteassange.fr\/journee-de-mobilisation-pour-julian-assange-le-mardi-21-mai-en-france\/\">La Haute Cour autorise Assange \u00e0 pr\u00e9senter un ultime appel, rassemblons-nous le 21 mai pour demander sa lib\u00e9ration pure et simple !<\/a><\/p>\n\n\n\n<p>26 avril 2024 \/ <a href=\"https:\/\/comiteassange.fr\/conference-le-16-mai-a-paris-laffaire-assange-au-regard-du-droit-14-ans-de-persecution-judiciaire\/\">Conf\u00e9rence le 16 mai \u00e0 Paris \u2013 \u00ab&nbsp;L\u2019affaire Assange au regard du droit&nbsp;: 14 ans de pers\u00e9cution judiciaire \u00bb<\/a><\/p>\n\n\n\n<p>16 avril 2024 \/ <a href=\"https:\/\/comiteassange.fr\/les-etats-unis-fournissent-a-la-haute-cour-britannique-des-garanties-qui-nen-sont-pas\/\">Les \u00c9tats-Unis fournissent \u00e0 la Haute Cour britannique des \u00ab garanties&nbsp;\u00bb qui n\u2019en sont pas<\/a><\/p>\n\n\n\n<p>9 avril 2024 \/ <a href=\"https:\/\/comiteassange.fr\/5-ans-dans-la-prison-de-belmarsh-le-11-avril-operation-free-assange-devant-lambassade-du-royaume-uni-en-france\/\" data-type=\"post\" data-id=\"225\">5 ans dans la prison de Belmarsh : le 11 avril, op\u00e9ration \u00ab Free Assange \u00bb devant l\u2019ambassade du Royaume-Uni en France<\/a><\/p>\n\n\n\n<p>26 mars 2024 \/ <a href=\"https:\/\/comiteassange.fr\/la-haute-court-britannique-accorde-un-bref-repit-a-julian-assange-mais-le-calvaire-kafkaien-continue\/\" data-type=\"post\" data-id=\"220\">La Haute Court britannique accorde un bref r\u00e9pit \u00e0 Julian Assange mais le calvaire kafka\u00efen continue<\/a><\/p>\n","protected":false},"excerpt":{"rendered":"<p>5 juin 2025 \/ Assange \u00e0 Cannes : Gaza, le cin\u00e9ma et l\u2019AFP 2 octobre 2024 \/ Julian Assange parle, le Conseil de l\u2019Europe \u00e9coute et approuve 3 juillet 2024 [&hellip;]<\/p>\n","protected":false},"author":5,"featured_media":0,"parent":0,"menu_order":0,"comment_status":"closed","ping_status":"closed","template":"","meta":{"_EventAllDay":false,"_EventTimezone":"","_EventStartDate":"","_EventEndDate":"","_EventStartDateUTC":"","_EventEndDateUTC":"","_EventShowMap":false,"_EventShowMapLink":false,"_EventURL":"","_EventCost":"","_EventCostDescription":"","_EventCurrencySymbol":"","_EventCurrencyCode":"","_EventCurrencyPosition":"","_EventDateTimeSeparator":"","_EventTimeRangeSeparator":"","_EventOrganizerID":[],"_EventVenueID":[],"_OrganizerEmail":"","_OrganizerPhone":"","_OrganizerWebsite":"","_VenueAddress":"","_VenueCity":"","_VenueCountry":"","_VenueProvince":"","_VenueState":"","_VenueZip":"","_VenuePhone":"","_VenueURL":"","_VenueStateProvince":"","_VenueLat":"","_VenueLng":"","_VenueShowMap":false,"_VenueShowMapLink":false,"footnotes":""},"class_list":["post-180","page","type-page","status-publish","hentry"],"_links":{"self":[{"href":"https:\/\/comiteassange.fr\/index.php\/wp-json\/wp\/v2\/pages\/180","targetHints":{"allow":["GET"]}}],"collection":[{"href":"https:\/\/comiteassange.fr\/index.php\/wp-json\/wp\/v2\/pages"}],"about":[{"href":"https:\/\/comiteassange.fr\/index.php\/wp-json\/wp\/v2\/types\/page"}],"author":[{"embeddable":true,"href":"https:\/\/comiteassange.fr\/index.php\/wp-json\/wp\/v2\/users\/5"}],"replies":[{"embeddable":true,"href":"https:\/\/comiteassange.fr\/index.php\/wp-json\/wp\/v2\/comments?post=180"}],"version-history":[{"count":0,"href":"https:\/\/comiteassange.fr\/index.php\/wp-json\/wp\/v2\/pages\/180\/revisions"}],"wp:attachment":[{"href":"https:\/\/comiteassange.fr\/index.php\/wp-json\/wp\/v2\/media?parent=180"}],"curies":[{"name":"wp","href":"https:\/\/api.w.org\/{rel}","templated":true}]}}