{"id":20,"date":"2023-11-23T05:16:01","date_gmt":"2023-11-23T06:16:01","guid":{"rendered":"https:\/\/comiteassange.fr\/?page_id=20"},"modified":"2023-11-23T05:16:01","modified_gmt":"2023-11-23T06:16:01","slug":"ressources","status":"publish","type":"page","link":"https:\/\/comiteassange.fr\/index.php\/ressources\/","title":{"rendered":"Ressources"},"content":{"rendered":"\n<p>Nous recommandons en priorit\u00e9 les livres, documentaires et vid\u00e9os suivants. Nous indiquons \u00e9galement quelques liens utiles pour s\u2019informer et approfondir (en fran\u00e7ais et en anglais).<\/p>\n\n\n\n<div class=\"wp-block-group has-global-padding is-layout-constrained wp-block-group-is-layout-constrained\">\n<h2 class=\"wp-block-heading has-xx-large-font-size\">Livres<\/h2>\n\n\n\n<div class=\"wp-block-media-text is-stacked-on-mobile\"><figure class=\"wp-block-media-text__media\"><img loading=\"lazy\" decoding=\"async\" width=\"630\" height=\"1024\" src=\"https:\/\/comiteassange.fr\/wp-content\/uploads\/2024\/04\/Maurizi_WikiLeaks_UNE_V6-1-630x1024.jpg\" alt=\"\" class=\"wp-image-167 size-full\" srcset=\"https:\/\/comiteassange.fr\/wp-content\/uploads\/2024\/04\/Maurizi_WikiLeaks_UNE_V6-1-630x1024.jpg 630w, https:\/\/comiteassange.fr\/wp-content\/uploads\/2024\/04\/Maurizi_WikiLeaks_UNE_V6-1-185x300.jpg 185w, https:\/\/comiteassange.fr\/wp-content\/uploads\/2024\/04\/Maurizi_WikiLeaks_UNE_V6-1-768x1248.jpg 768w, https:\/\/comiteassange.fr\/wp-content\/uploads\/2024\/04\/Maurizi_WikiLeaks_UNE_V6-1-945x1536.jpg 945w, https:\/\/comiteassange.fr\/wp-content\/uploads\/2024\/04\/Maurizi_WikiLeaks_UNE_V6-1-1260x2048.jpg 1260w, https:\/\/comiteassange.fr\/wp-content\/uploads\/2024\/04\/Maurizi_WikiLeaks_UNE_V6-1.jpg 1416w\" sizes=\"auto, (max-width: 630px) 100vw, 630px\" \/><\/figure><div class=\"wp-block-media-text__content\">\n<p><strong><em>L\u2019Affaire WikiLeaks : m\u00e9dias ind\u00e9pendants, censure et crime d\u2019\u00c9tat<\/em> de Stefania Maurizi <\/strong><\/p>\n\n\n\n<p>\u00c9ditions Agone, 2024<\/p>\n\n\n\n<p>Traduit de l\u2019anglais par Laure Mistral<\/p>\n\n\n\n<p>Pr\u00e9face de Serge Halimi <\/p>\n\n\n\n<p>Avant-propos de Ken Loach<\/p>\n\n\n\n<p>Pr\u00e9sentation du livre et achat en ligne sur <a href=\"https:\/\/agone.org\/livres\/laffaire-wikileaks\" target=\"_blank\" rel=\"noreferrer noopener\">le site de l\u2019\u00e9diteur<\/a><\/p>\n<\/div><\/div>\n<\/div>\n\n\n\n<div class=\"wp-block-media-text is-stacked-on-mobile\"><figure class=\"wp-block-media-text__media\"><img loading=\"lazy\" decoding=\"async\" width=\"690\" height=\"1024\" src=\"https:\/\/comiteassange.fr\/wp-content\/uploads\/2024\/04\/Nils-Melzer_LAffaire-Assange-690x1024.jpg\" alt=\"\" class=\"wp-image-166 size-full\" srcset=\"https:\/\/comiteassange.fr\/wp-content\/uploads\/2024\/04\/Nils-Melzer_LAffaire-Assange-690x1024.jpg 690w, https:\/\/comiteassange.fr\/wp-content\/uploads\/2024\/04\/Nils-Melzer_LAffaire-Assange-202x300.jpg 202w, https:\/\/comiteassange.fr\/wp-content\/uploads\/2024\/04\/Nils-Melzer_LAffaire-Assange-768x1140.jpg 768w, https:\/\/comiteassange.fr\/wp-content\/uploads\/2024\/04\/Nils-Melzer_LAffaire-Assange-1035x1536.jpg 1035w, https:\/\/comiteassange.fr\/wp-content\/uploads\/2024\/04\/Nils-Melzer_LAffaire-Assange.jpg 1300w\" sizes=\"auto, (max-width: 690px) 100vw, 690px\" \/><\/figure><div class=\"wp-block-media-text__content\">\n<p><strong><em>L\u2019Affaire Assange : histoire d\u2019une pers\u00e9cution politique<\/em> de Nils Melzer <\/strong><\/p>\n\n\n\n<p>\u00c9ditions Critiques, 2022<\/p>\n\n\n\n<p>Traduit de l\u2019anglais par Diane Gilliard<\/p>\n\n\n\n<p>Pr\u00e9sentation du livre et achat en ligne sur <a href=\"https:\/\/editionscritiques.fr\/produit\/laffaire-assange\/\" target=\"_blank\" rel=\"noreferrer noopener\">le site de l\u2019\u00e9diteur<\/a><\/p>\n<\/div><\/div>\n\n\n\n<div class=\"wp-block-media-text is-stacked-on-mobile\"><figure class=\"wp-block-media-text__media\"><img loading=\"lazy\" decoding=\"async\" width=\"545\" height=\"740\" src=\"https:\/\/comiteassange.fr\/wp-content\/uploads\/2024\/04\/Hacking-Justice-livre.jpg\" alt=\"\" class=\"wp-image-168 size-full\" srcset=\"https:\/\/comiteassange.fr\/wp-content\/uploads\/2024\/04\/Hacking-Justice-livre.jpg 545w, https:\/\/comiteassange.fr\/wp-content\/uploads\/2024\/04\/Hacking-Justice-livre-221x300.jpg 221w\" sizes=\"auto, (max-width: 545px) 100vw, 545px\" \/><\/figure><div class=\"wp-block-media-text__content\">\n<p><strong><em>Julian Assange et WikiLeaks : le combat du si\u00e8cle pour la libert\u00e9 d\u2019informer<\/em>, \u00e9dition \u00e9tablie par Olivier Azam et Laurent Daur\u00e9<\/strong><\/p>\n\n\n\n<p>Les Mutins de Pang\u00e9e, 2021 (2e \u00e9dition&nbsp;actualis\u00e9e, 2022)<\/p>\n\n\n\n<p>Pr\u00e9face de Serge Halimi<\/p>\n\n\n\n<p>Entretien avec Stella Assange<\/p>\n\n\n\n<p>Entretien avec les r\u00e9alisateurs<\/p>\n\n\n\n<p>Textes de J. Assange, N. Chomsky, C. Hedges, J. Pilger, J. Cook, Doctors for Assange, S. Maurizi, Women Against Rape, M. Blumenthal, M. Kennard, V. Dedaj, O. Azam, L. Daur\u00e9&#8230;<\/p>\n\n\n\n<p>Pr\u00e9sentation du livre et achat en ligne sur <a href=\"https:\/\/www.laboutiquedesmutins.org\/hacking-justice-livre-dvd.html\" target=\"_blank\" rel=\"noreferrer noopener\">le site de l\u2019\u00e9diteur<\/a><\/p>\n<\/div><\/div>\n\n\n\n<div class=\"wp-block-media-text is-stacked-on-mobile\"><figure class=\"wp-block-media-text__media\"><img loading=\"lazy\" decoding=\"async\" width=\"647\" height=\"1024\" src=\"https:\/\/comiteassange.fr\/wp-content\/uploads\/2024\/04\/cover-assange-parle-1-647x1024.jpg\" alt=\"\" class=\"wp-image-169 size-full\" srcset=\"https:\/\/comiteassange.fr\/wp-content\/uploads\/2024\/04\/cover-assange-parle-1-647x1024.jpg 647w, https:\/\/comiteassange.fr\/wp-content\/uploads\/2024\/04\/cover-assange-parle-1-189x300.jpg 189w, https:\/\/comiteassange.fr\/wp-content\/uploads\/2024\/04\/cover-assange-parle-1-768x1216.jpg 768w, https:\/\/comiteassange.fr\/wp-content\/uploads\/2024\/04\/cover-assange-parle-1-970x1536.jpg 970w, https:\/\/comiteassange.fr\/wp-content\/uploads\/2024\/04\/cover-assange-parle-1.jpg 1095w\" sizes=\"auto, (max-width: 647px) 100vw, 647px\" \/><\/figure><div class=\"wp-block-media-text__content\">\n<p><strong><em>Julian Assange parle<\/em> de Karen Sharpe <\/strong><\/p>\n\n\n\n<p>Investig\u2019Action, 2021<\/p>\n\n\n\n<p>Traduit de l\u2019anglais par Viktor Dedaj<\/p>\n\n\n\n<p>Pr\u00e9sentation du livre et achat en ligne sur <a href=\"https:\/\/investigaction.net\/boutique\/julian-assange-parle\/\" target=\"_blank\" rel=\"noreferrer noopener\">le site de l\u2019\u00e9diteur<\/a><\/p>\n<\/div><\/div>\n\n\n\n<div class=\"wp-block-group is-vertical is-layout-flex wp-container-core-group-is-layout-fe9cc265 wp-block-group-is-layout-flex\">\n<p><\/p>\n\n\n\n<h2 class=\"wp-block-heading has-xx-large-font-size\">Documentaires<\/h2>\n<\/div>\n\n\n\n<div class=\"wp-block-media-text is-stacked-on-mobile\"><figure class=\"wp-block-media-text__media\"><img loading=\"lazy\" decoding=\"async\" width=\"600\" height=\"800\" src=\"https:\/\/comiteassange.fr\/wp-content\/uploads\/2024\/04\/Affiche-documentaire-Ithaka.jpg\" alt=\"\" class=\"wp-image-171 size-full\" srcset=\"https:\/\/comiteassange.fr\/wp-content\/uploads\/2024\/04\/Affiche-documentaire-Ithaka.jpg 600w, https:\/\/comiteassange.fr\/wp-content\/uploads\/2024\/04\/Affiche-documentaire-Ithaka-225x300.jpg 225w\" sizes=\"auto, (max-width: 600px) 100vw, 600px\" \/><\/figure><div class=\"wp-block-media-text__content\">\n<p><strong><em>Ithaka, le combat pour lib\u00e9rer Assange<\/em> de Ben Lawrence<\/strong><\/p>\n\n\n\n<p>2023<\/p>\n\n\n\n<p>Pr\u00e9sentation du film et visionnage en VOD sur <a href=\"https:\/\/www.cinemutins.com\/ithaka-le-combat-pour-liberer-assange\" target=\"_blank\" rel=\"noreferrer noopener\">la plateforme Cin\u00e9Mutins<\/a><\/p>\n<\/div><\/div>\n\n\n\n<div class=\"wp-block-media-text is-stacked-on-mobile\"><figure class=\"wp-block-media-text__media\"><img decoding=\"async\" src=\"https:\/\/comiteassange.fr\/wp-content\/uploads\/2024\/04\/aff_assange-_42x59_-9_nov_2021-724x1024.jpg\" alt=\"\" class=\"wp-image-173 size-full\"\/><\/figure><div class=\"wp-block-media-text__content\">\n<p><strong><em>Hacking Justice<\/em> <em>&#8211; Julian Assange<\/em> de Clara L\u00f3pez Rubio et Juan Pancorbo<\/strong><\/p>\n\n\n\n<p>2021<\/p>\n\n\n\n<p>Pr\u00e9sentation du film et visionnage en VOD sur <a href=\"https:\/\/www.cinemutins.com\/hacking-justice-\" target=\"_blank\" rel=\"noreferrer noopener\">la plateforme Cin\u00e9Mutins<\/a><\/p>\n\n\n\n<p><\/p>\n<\/div><\/div>\n\n\n\n<div class=\"wp-block-group has-global-padding is-layout-constrained wp-block-group-is-layout-constrained\">\n<p><\/p>\n\n\n\n<p>Pour l\u2019agenda des projections-d\u00e9bats en salle de ces films distribu\u00e9s par la coop\u00e9rative audiovisuelle Les Mutins de Pang\u00e9e, voir <a href=\"https:\/\/comiteassange.fr\/evenements\/\">la rubrique \u00ab&nbsp;\u00c9v\u00e9nements \u00bb<\/a>.<\/p>\n<\/div>\n\n\n\n<h2 class=\"wp-block-heading has-xx-large-font-size\">Vid\u00e9os<\/h2>\n\n\n\n<p>Outre les vid\u00e9os de <a href=\"https:\/\/www.youtube.com\/@comiteassange\" target=\"_blank\" rel=\"noreferrer noopener\">notre cha\u00eene YouTube<\/a>, nous conseillons vivement le travail rigoureux et document\u00e9 de la cha\u00eene Lex Imperii sur l\u2019affaire Assange en deux parties :<\/p>\n\n\n\n<ol class=\"wp-block-list\">\n<li><a href=\"https:\/\/www.youtube.com\/watch?v=PQPuINHQCbQ\" target=\"_blank\" rel=\"noreferrer noopener\">Les calomnies et infox<\/a><\/li>\n\n\n\n<li><a href=\"https:\/\/www.youtube.com\/watch?v=q1uapeDB_0o\" target=\"_blank\" rel=\"noreferrer noopener\">La pers\u00e9cution judiciaire<\/a><\/li>\n<\/ol>\n\n\n\n<div class=\"wp-block-group has-global-padding is-layout-constrained wp-block-group-is-layout-constrained\">\n<p><\/p>\n\n\n\n<h2 class=\"wp-block-heading has-xx-large-font-size\">Articles<\/h2>\n\n\n\n<p>Les m\u00e9dias fran\u00e7ais suivants font partie des rares qui ont inform\u00e9 correctement et r\u00e9guli\u00e8rement sur l\u2019affaire Assange. Cliquez sur le titre pour avoir acc\u00e8s \u00e0 leurs publications sur le sujet.<\/p>\n\n\n\n<ul class=\"wp-block-list\">\n<li><em><a href=\"https:\/\/www.monde-diplomatique.fr\/recherche?s=Assange\" target=\"_blank\" rel=\"noreferrer noopener\">Le Monde diplomatique<\/a><\/em><\/li>\n\n\n\n<li><em><a href=\"https:\/\/www.humanite.fr\/mot-cle\/julian-assange\" target=\"_blank\" rel=\"noreferrer noopener\">L\u2019Humanit\u00e9<\/a><\/em><\/li>\n\n\n\n<li><a href=\"https:\/\/www.legrandsoir.info\/+-julian-assange-+.html\" target=\"_blank\" rel=\"noreferrer noopener\">Le Grand Soir<\/a><\/li>\n\n\n\n<li><a href=\"https:\/\/www.blast-info.fr\/tags\/assange-0J6XY7s1RiykZ8a3_Rjaxg\" target=\"_blank\" rel=\"noreferrer noopener\">Blast<\/a><\/li>\n\n\n\n<li><a href=\"https:\/\/la-bas.org\/spip.php?page=recherche&amp;recherche=assange\" target=\"_blank\" rel=\"noreferrer noopener\">L\u00e0-bas si j\u2019y suis<\/a><\/li>\n\n\n\n<li><a href=\"https:\/\/lvsl.fr\/?s=Assange\" target=\"_blank\" rel=\"noreferrer noopener\">Le Vent Se L\u00e8ve<\/a><\/li>\n\n\n\n<li><a href=\"https:\/\/www.acrimed.org\/+-Julian-Assange-+\" target=\"_blank\" rel=\"noreferrer noopener\">Acrimed<\/a><\/li>\n\n\n\n<li><a href=\"https:\/\/www.les-crises.fr\/?s=Assange\" target=\"_blank\" rel=\"noreferrer noopener\">Les Crises<\/a><\/li>\n\n\n\n<li><a href=\"https:\/\/elucid.media\/?s=Assange\" target=\"_blank\" rel=\"noreferrer noopener\">\u00c9lucid<\/a><\/li>\n\n\n\n<li><a href=\"https:\/\/www.auposte.fr\/?s=Assange\" target=\"_blank\" rel=\"noreferrer noopener\">Au Poste<\/a><\/li>\n<\/ul>\n<\/div>\n\n\n\n<div class=\"wp-block-group has-global-padding is-layout-constrained wp-block-group-is-layout-constrained\">\n<p><\/p>\n\n\n\n<h2 class=\"wp-block-heading has-xx-large-font-size\">Liens<\/h2>\n\n\n\n<p>Quelques liens utiles pour s\u2019informer en anglais.<\/p>\n\n\n\n<ul class=\"wp-block-list\">\n<li><a href=\"https:\/\/www.stellaassange.com\/\" data-type=\"link\" data-id=\"www.linkin.bio\/stellaassange\" target=\"_blank\" rel=\"noreferrer noopener\">Stella Assange<\/a> \/ <a href=\"https:\/\/twitter.com\/Stella_Assange\" target=\"_blank\" rel=\"noreferrer noopener\">compte sur X<\/a><\/li>\n\n\n\n<li><a href=\"http:\/\/www.freeassange.org\" target=\"_blank\" rel=\"noreferrer noopener\">Free Julian Assange<\/a> \/ <a href=\"https:\/\/twitter.com\/FreeAssangeNews\" target=\"_blank\" rel=\"noreferrer noopener\">compte sur X<\/a><\/li>\n\n\n\n<li><a href=\"http:\/\/www.wikileaks.org\" target=\"_blank\" rel=\"noreferrer noopener\">WikiLeaks<\/a> \/ <a href=\"https:\/\/twitter.com\/wikileaks\" target=\"_blank\" rel=\"noreferrer noopener\">compte sur X<\/a><\/li>\n\n\n\n<li><a href=\"http:\/\/www.stefaniamaurizi.it\/en-idx.html\" target=\"_blank\" rel=\"noreferrer noopener\">Stefania Maurizi<\/a> \/ <a href=\"https:\/\/twitter.com\/SMaurizi\" target=\"_blank\" rel=\"noreferrer noopener\">compte sur X<\/a><\/li>\n\n\n\n<li><a href=\"http:\/\/www.thedissenter.org\" target=\"_blank\" rel=\"noreferrer noopener\">Kevin Gosztola<\/a> \/ <a href=\"https:\/\/twitter.com\/kgosztola\" target=\"_blank\" rel=\"noreferrer noopener\">compte sur X<\/a><\/li>\n\n\n\n<li><a href=\"https:\/\/consortiumnews.com\/tag\/julian-assange\/\" target=\"_blank\" rel=\"noreferrer noopener\">Consortium News<\/a> \/ <a href=\"https:\/\/twitter.com\/Consortiumnews\" target=\"_blank\" rel=\"noreferrer noopener\">compte sur X<\/a><\/li>\n\n\n\n<li><a href=\"https:\/\/www.declassifieduk.org\/tag\/assange\/\" target=\"_blank\" rel=\"noreferrer noopener\">Declassified UK<\/a> \/ <a href=\"https:\/\/twitter.com\/declassifiedUK\" target=\"_blank\" rel=\"noreferrer noopener\">compte sur X<\/a><\/li>\n\n\n\n<li><a href=\"https:\/\/www.jonathan-cook.net\/?s=Assange\" target=\"_blank\" rel=\"noreferrer noopener\">Jonathan Cook<\/a> \/ <a href=\"https:\/\/twitter.com\/Jonathan_K_Cook\" target=\"_blank\" rel=\"noreferrer noopener\">compte sur X<\/a><\/li>\n\n\n\n<li><a href=\"https:\/\/thegrayzone.com\/tag\/julian-assange\/\" target=\"_blank\" rel=\"noreferrer noopener\">The Grayzone<\/a> \/ <a href=\"https:\/\/twitter.com\/thegrayzonenews\" target=\"_blank\" rel=\"noreferrer noopener\">compte sur X<\/a><\/li>\n<\/ul>\n<\/div>\n","protected":false},"excerpt":{"rendered":"<p>Nous recommandons en priorit\u00e9 les livres, documentaires et vid\u00e9os suivants. Nous indiquons \u00e9galement quelques liens utiles pour s\u2019informer et approfondir (en fran\u00e7ais et en anglais). Livres L\u2019Affaire WikiLeaks : m\u00e9dias [&hellip;]<\/p>\n","protected":false},"author":5,"featured_media":0,"parent":0,"menu_order":0,"comment_status":"closed","ping_status":"closed","template":"","meta":{"_EventAllDay":false,"_EventTimezone":"","_EventStartDate":"","_EventEndDate":"","_EventStartDateUTC":"","_EventEndDateUTC":"","_EventShowMap":false,"_EventShowMapLink":false,"_EventURL":"","_EventCost":"","_EventCostDescription":"","_EventCurrencySymbol":"","_EventCurrencyCode":"","_EventCurrencyPosition":"","_EventDateTimeSeparator":"","_EventTimeRangeSeparator":"","_EventOrganizerID":[],"_EventVenueID":[],"_OrganizerEmail":"","_OrganizerPhone":"","_OrganizerWebsite":"","_VenueAddress":"","_VenueCity":"","_VenueCountry":"","_VenueProvince":"","_VenueState":"","_VenueZip":"","_VenuePhone":"","_VenueURL":"","_VenueStateProvince":"","_VenueLat":"","_VenueLng":"","_VenueShowMap":false,"_VenueShowMapLink":false,"footnotes":""},"class_list":["post-20","page","type-page","status-publish","hentry"],"_links":{"self":[{"href":"https:\/\/comiteassange.fr\/index.php\/wp-json\/wp\/v2\/pages\/20","targetHints":{"allow":["GET"]}}],"collection":[{"href":"https:\/\/comiteassange.fr\/index.php\/wp-json\/wp\/v2\/pages"}],"about":[{"href":"https:\/\/comiteassange.fr\/index.php\/wp-json\/wp\/v2\/types\/page"}],"author":[{"embeddable":true,"href":"https:\/\/comiteassange.fr\/index.php\/wp-json\/wp\/v2\/users\/5"}],"replies":[{"embeddable":true,"href":"https:\/\/comiteassange.fr\/index.php\/wp-json\/wp\/v2\/comments?post=20"}],"version-history":[{"count":0,"href":"https:\/\/comiteassange.fr\/index.php\/wp-json\/wp\/v2\/pages\/20\/revisions"}],"wp:attachment":[{"href":"https:\/\/comiteassange.fr\/index.php\/wp-json\/wp\/v2\/media?parent=20"}],"curies":[{"name":"wp","href":"https:\/\/api.w.org\/{rel}","templated":true}]}}