{"id":36,"date":"2023-12-21T07:33:55","date_gmt":"2023-12-21T08:33:55","guid":{"rendered":"https:\/\/comiteassange.fr\/?page_id=36"},"modified":"2023-12-21T07:33:55","modified_gmt":"2023-12-21T08:33:55","slug":"appel-de-paris","status":"publish","type":"page","link":"https:\/\/comiteassange.fr\/index.php\/appel-de-paris\/","title":{"rendered":"Appel de Paris pour Julian Assange"},"content":{"rendered":"\n<p class=\"has-small-font-size\"><em>[65 organisations et m\u00e9dias ont sign\u00e9 le texte suivant depuis le lancement de cette initiative en juillet 2022 par la F\u00e9d\u00e9ration internationale des journalistes et le Comit\u00e9 de soutien Assange ; voir liste ci-dessous]<\/em><\/p>\n\n\n\n<p>Julian Assange est un journaliste australien en prison. En prison<br>pour avoir rempli sa mission de journaliste. <\/p>\n\n\n\n<p>Julian Assange a fond\u00e9 WikiLeaks en 2006 pour permettre \u00e0 des lanceurs<br>d\u2019alerte de faire fuiter des documents d\u2019int\u00e9r\u00eat public. C\u2019est ainsi qu\u2019en 2010,<br>gr\u00e2ce \u00e0 la lanceuse d\u2019alerte Chelsea Manning, WikiLeaks a fait \u0153uvre de<br>journalisme, notamment en fournissant des preuves de crimes de guerre<br>commis par l\u2019arm\u00e9e am\u00e9ricaine en Irak et en Afghanistan.<\/p>\n\n\n\n<p>Les m\u00e9dias du monde entier ont utilis\u00e9 ces informations. Certains se sont<br>m\u00eame associ\u00e9s \u00e0 WikiLeaks.<\/p>\n\n\n\n<p>Les journalistes fran\u00e7ais et leurs hi\u00e9rarchies sont ici interpell\u00e9s puisque<br>trop de grands m\u00e9dias font preuve d\u2019un silence suspect face au sort de<br>Julian Assange.<\/p>\n\n\n\n<p>Celui-ci est pers\u00e9cut\u00e9 par les \u00c9tats-Unis depuis douze ans, avec l\u2019aide de<br>leur alli\u00e9 britannique. Poursuivi, harcel\u00e9, sali dans son honneur, il a d\u00e9j\u00e0<br>\u00e9t\u00e9 priv\u00e9 de libert\u00e9 pendant plus de onze ans au Royaume-Uni (une ann\u00e9e<br>en r\u00e9sidence surveill\u00e9e avec un bracelet \u00e9lectronique, sept ans r\u00e9fugi\u00e9<br>politique dans les locaux exigus de l\u2019ambassade d\u2019Equateur \u00e0 Londres et<br>depuis trois ans dans la prison de haute s\u00e9curit\u00e9 de Belmarsh).<\/p>\n\n\n\n<p>Julian Assange risque d\u2019\u00eatre extrad\u00e9 vers les \u00c9tats-Unis qui le poursuivent<br>pour \u00ab espionnage \u00bb. L\u00e0-bas, il encourt jusqu\u2019\u00e0 175 ans de prison !<\/p>\n\n\n\n<p>Depuis des ann\u00e9es, la F\u00e9d\u00e9ration internationale des journalistes (FIJ) avec<br>ses 190 affili\u00e9es repr\u00e9sentant quelques 600 000 adh\u00e9rents des m\u00e9dias<br>dans 150 pays et les syndicats nationaux ont plaid\u00e9 sa cause sans rel\u00e2che.<\/p>\n\n\n\n<p>Depuis des ann\u00e9es, des collectifs, des organisations, des m\u00e9dias, des<br>personnalit\u00e9s alertent sur la pers\u00e9cution dont est victime Julian Assange<br>et demandent sa lib\u00e9ration.<\/p>\n\n\n\n<p>Plusieurs appels ont \u00e9t\u00e9 lanc\u00e9s. R\u00e9cemment, l\u2019Appel de Gen\u00e8ve* a r\u00e9uni<br>journalistes, r\u00e9dacteurs en chef et directeurs, \u00e9diteurs et m\u00e9dias (Club<br>suisse de la presse, 22 juin 2022).<\/p>\n\n\n\n<p>Le 3 juillet, \u00e0 la suite d\u2019un rassemblement place de la R\u00e9publique \u00e0 Paris<br>soutenu par une vingtaine d\u2019organisations et de m\u00e9dias \u2013 \u00e0 l\u2019occasion du<br>51e anniversaire de Julian Assange \u2013, un comit\u00e9 de soutien fran\u00e7ais est<br>cr\u00e9\u00e9 et un nouvel appel est lanc\u00e9.<\/p>\n\n\n\n<p>Cet Appel de Paris demande :<\/p>\n\n\n\n<ul class=\"wp-block-list\">\n<li>que Julian Assange soit lib\u00e9r\u00e9, prot\u00e9g\u00e9, r\u00e9habilit\u00e9, rendu dans tous ses<br>droits personnels et professionnels et indemnis\u00e9 ;<\/li>\n\n\n\n<li>que le gouvernement fran\u00e7ais lui accorde l\u2019asile politique.<\/li>\n<\/ul>\n\n\n\n<p>Julian Assange est nomm\u00e9** en 2022 pour le prix des droits de l\u2019Homme<br>V\u00e1clav Havel du Conseil de l\u2019Europe qui, chaque ann\u00e9e r\u00e9compense une<br>personne, organisation non gouvernementale ou institution \u0153uvrant \u00e0 la<br>d\u00e9fense des droits de l\u2019Homme. C\u2019est d\u00e9j\u00e0 une reconnaissance essentielle<br>pour ce prisonnier politique victime de la raison d\u2019\u00c9tat de Washington.<\/p>\n\n\n\n<p>S\u2019il \u00e9tait extrad\u00e9 vers les \u00c9tats-Unis, quelle personne au<br>monde (journaliste, lanceur d\u2019alerte, etc.) oserait encore informer sur des<br>dossiers g\u00eanants pour l\u2019administration am\u00e9ricaine ?<\/p>\n\n\n\n<p>JULIAN ASSANGE DOIT \u00caTRE LIB\u00c9R\u00c9.<br>LA FRANCE DOIT LUI ACCORDER L\u2019ASILE.<\/p>\n\n\n\n<p>Paris, le 18 juillet 2022<\/p>\n\n\n\n<p>* pressclub.ch<br>** Les six parrains et marraines sont : Mme Mairead Corrigan<br>Maguire, prix Nobel de la paix ; M. Thorbj\u00f8rn Jagland, ancien<br>secr\u00e9taire g\u00e9n\u00e9ral du Conseil de l\u2019Europe ; M. Luiz In\u00e1cio Lula da<br>Silva, ancien pr\u00e9sident de la R\u00e9publique du Br\u00e9sil (2003-2010) ; Mme<br>Dominique Pradali\u00e9, pr\u00e9sidente de la F\u00e9d\u00e9ration internationale des<br>journalistes (FIJ) ; M. Noam Chomsky, professeur \u00e9m\u00e9rite de<br>linguistique ; et M. Jeremy Corbyn, d\u00e9put\u00e9 britannique.<\/p>\n\n\n\n<p><\/p>\n\n\n\n<p>Premiers signataires :<\/p>\n\n\n\n<ul class=\"wp-block-list\">\n<li>Acrimed<\/li>\n\n\n\n<li>Anticor<\/li>\n\n\n\n<li>Assange, l\u2019ultime combat<\/li>\n\n\n\n<li>Attac France<\/li>\n\n\n\n<li>Au poste<\/li>\n\n\n\n<li>Blast, le souffle de l\u2019info<\/li>\n\n\n\n<li>Le Canard r\u00e9fractaire<\/li>\n\n\n\n<li>Convergence nationale des collectifs de d\u00e9fense et d\u00e9veloppement des services publics<\/li>\n\n\n\n<li>\u00c9lucid m\u00e9dia<\/li>\n\n\n\n<li>F\u00e9d\u00e9ration internationale des journalistes (FIJ)<\/li>\n\n\n\n<li>F\u00e9d\u00e9ration internationale des ligues des droits de l\u2019Homme (FIDH)<\/li>\n\n\n\n<li>Le Grand Soir<\/li>\n\n\n\n<li>L\u00e0-bas si j\u2019y suis<\/li>\n\n\n\n<li>Ligue des droits de l\u2019Homme (LDH)<\/li>\n\n\n\n<li>Maison des lanceurs d\u2019alerte<\/li>\n\n\n\n<li>Les Mutins de Pang\u00e9e<\/li>\n\n\n\n<li>Rencontres annuelles des lanceurs d\u2019alerte<\/li>\n\n\n\n<li>Robin des lois<\/li>\n\n\n\n<li>Syndicat national des journalistes (SNJ)<\/li>\n\n\n\n<li>Syndicat national des journalistes CGT (SNJ-CGT)<\/li>\n\n\n\n<li>Terre et Libert\u00e9 pour Arauco<\/li>\n\n\n\n<li>Toute la France avec Assange \u2013 Unity4JFrance<\/li>\n<\/ul>\n\n\n\n<p><\/p>\n\n\n\n<p>Et aussi :<\/p>\n\n\n\n<ul class=\"wp-block-list\">\n<li><em>L\u2019Agglorieuse<\/em><\/li>\n\n\n\n<li>Alertes.me<\/li>\n\n\n\n<li>Altermidi<\/li>\n\n\n\n<li>Alternatiba Montpellier<\/li>\n\n\n\n<li>ANV-COP21 Montpellier<\/li>\n\n\n\n<li>Association d\u2019ex-prisonniers politiques chiliens en France<\/li>\n\n\n\n<li>Association nationale des communistes (ANC)<\/li>\n\n\n\n<li>CAPJPO-EuroPalestine<\/li>\n\n\n\n<li>Centre mosellan des droits de l\u2019homme (CMDH)<\/li>\n\n\n\n<li>Cercle d\u2019\u00e9tudes r\u00e9volutionnaires Jos\u00e9 Carlos Mari\u00e1tegui<\/li>\n\n\n\n<li>Cercle Manouchian<\/li>\n\n\n\n<li>CGT \u00c9nergie Paris<\/li>\n\n\n\n<li><em>Le Chiffon<\/em><\/li>\n\n\n\n<li>Citoyennet\u00e9s pour la Paix de Colombie-France<\/li>\n\n\n\n<li>Citoyens r\u00e9sistants d\u2019hier et d\u2019aujourd&#8217;hui (CRHA)<\/li>\n\n\n\n<li>Collectif d\u2019actions culturelles de La Ciotat\/La Culture \u00e7a urge<\/li>\n\n\n\n<li>Comit\u00e9 des Amis du Mouvement des Sans Terre du Br\u00e9sil en France<\/li>\n\n\n\n<li>Comit\u00e9 Free Assange Belgium<\/li>\n\n\n\n<li>Compagnie Erinna<\/li>\n\n\n\n<li>Coordination M\u00e9moire contre l\u2019impunit\u00e9 au P\u00e9rou<\/li>\n\n\n\n<li>Delphi Initiative for the Defense of Democracy<\/li>\n\n\n\n<li>Demain Le Grand Soir<\/li>\n\n\n\n<li><em>Fakir<\/em><\/li>\n\n\n\n<li>F\u00e9d\u00e9ration de la libre pens\u00e9e de Paris<\/li>\n\n\n\n<li>F\u00e9d\u00e9ration nationale de la libre pens\u00e9e<\/li>\n\n\n\n<li>Free Assange Wave<\/li>\n\n\n\n<li>QG, le m\u00e9dia libre <\/li>\n\n\n\n<li>Guilde des auteurs-r\u00e9alisateurs de reportages et documentaires (GARRD)<\/li>\n\n\n\n<li>Halte au contr\u00f4le num\u00e9rique<\/li>\n\n\n\n<li><em>L\u2019Humanit\u00e9<\/em><\/li>\n\n\n\n<li>Institut homme total (IHT)<\/li>\n\n\n\n<li>Librairie R\u00e9sistances<\/li>\n\n\n\n<li>Makondo France<\/li>\n\n\n\n<li>Mouvement contre le racisme et pour l\u2019amiti\u00e9 entre les peuples (MRAP)<\/li>\n\n\n\n<li>Mouvement de la paix<\/li>\n\n\n\n<li>Per a Pace\/Pour la Paix<\/li>\n\n\n\n<li>Pourlecinema.com<\/li>\n\n\n\n<li>R\u00e9seau international d\u2019appui aux prisonniers politiques au Chili (Riappech)<\/li>\n\n\n\n<li><em>Sin\u00e9 Mensuel<\/em><\/li>\n\n\n\n<li>Unitad Per\u00fa<\/li>\n\n\n\n<li>Vegan Corporation<\/li>\n\n\n\n<li>Le Vent Se L\u00e8ve<\/li>\n\n\n\n<li>Wiphala France<\/li>\n<\/ul>\n\n\n\n<p>Vous pouvez t\u00e9l\u00e9charger le texte et la liste des signataires en PDF ci-dessous.<\/p>\n\n\n\n<div data-wp-interactive=\"core\/file\" class=\"wp-block-file\"><object data-wp-bind--hidden=\"!state.hasPdfPreview\" hidden class=\"wp-block-file__embed\" data=\"https:\/\/comiteassange.fr\/wp-content\/uploads\/2024\/05\/Appel-de-Paris-pour-Julian-Assange_version-du-13-mai-2024.pdf\" type=\"application\/pdf\" style=\"width:100%;height:600px\" aria-label=\"Embed of Appel-de-Paris-pour-Julian-Assange_version-du-13-mai-2024.\"><\/object><a id=\"wp-block-file--media-be5148ce-b5f4-49ee-a10a-87bcb159999b\" href=\"https:\/\/comiteassange.fr\/wp-content\/uploads\/2024\/05\/Appel-de-Paris-pour-Julian-Assange_version-du-13-mai-2024.pdf\">Appel-de-Paris-pour-Julian-Assange_version-du-13-mai-2024<\/a><a href=\"https:\/\/comiteassange.fr\/wp-content\/uploads\/2024\/05\/Appel-de-Paris-pour-Julian-Assange_version-du-13-mai-2024.pdf\" class=\"wp-block-file__button wp-element-button\" download aria-describedby=\"wp-block-file--media-be5148ce-b5f4-49ee-a10a-87bcb159999b\">T\u00e9l\u00e9charger<\/a><\/div>\n","protected":false},"excerpt":{"rendered":"<p>[65 organisations et m\u00e9dias ont sign\u00e9 le texte suivant depuis le lancement de cette initiative en juillet 2022 par la F\u00e9d\u00e9ration internationale des journalistes et le Comit\u00e9 de soutien Assange [&hellip;]<\/p>\n","protected":false},"author":5,"featured_media":0,"parent":0,"menu_order":0,"comment_status":"closed","ping_status":"closed","template":"","meta":{"_EventAllDay":false,"_EventTimezone":"","_EventStartDate":"","_EventEndDate":"","_EventStartDateUTC":"","_EventEndDateUTC":"","_EventShowMap":false,"_EventShowMapLink":false,"_EventURL":"","_EventCost":"","_EventCostDescription":"","_EventCurrencySymbol":"","_EventCurrencyCode":"","_EventCurrencyPosition":"","_EventDateTimeSeparator":"","_EventTimeRangeSeparator":"","_EventOrganizerID":[],"_EventVenueID":[],"_OrganizerEmail":"","_OrganizerPhone":"","_OrganizerWebsite":"","_VenueAddress":"","_VenueCity":"","_VenueCountry":"","_VenueProvince":"","_VenueState":"","_VenueZip":"","_VenuePhone":"","_VenueURL":"","_VenueStateProvince":"","_VenueLat":"","_VenueLng":"","_VenueShowMap":false,"_VenueShowMapLink":false,"footnotes":""},"class_list":["post-36","page","type-page","status-publish","hentry"],"_links":{"self":[{"href":"https:\/\/comiteassange.fr\/index.php\/wp-json\/wp\/v2\/pages\/36","targetHints":{"allow":["GET"]}}],"collection":[{"href":"https:\/\/comiteassange.fr\/index.php\/wp-json\/wp\/v2\/pages"}],"about":[{"href":"https:\/\/comiteassange.fr\/index.php\/wp-json\/wp\/v2\/types\/page"}],"author":[{"embeddable":true,"href":"https:\/\/comiteassange.fr\/index.php\/wp-json\/wp\/v2\/users\/5"}],"replies":[{"embeddable":true,"href":"https:\/\/comiteassange.fr\/index.php\/wp-json\/wp\/v2\/comments?post=36"}],"version-history":[{"count":0,"href":"https:\/\/comiteassange.fr\/index.php\/wp-json\/wp\/v2\/pages\/36\/revisions"}],"wp:attachment":[{"href":"https:\/\/comiteassange.fr\/index.php\/wp-json\/wp\/v2\/media?parent=36"}],"curies":[{"name":"wp","href":"https:\/\/api.w.org\/{rel}","templated":true}]}}